{"id":838,"date":"2020-09-23T06:41:44","date_gmt":"2020-09-23T05:41:44","guid":{"rendered":"https:\/\/ovp.gov.mk\/keshille-ogp\/"},"modified":"2020-11-23T12:29:29","modified_gmt":"2020-11-23T12:29:29","slug":"keshille-ogp","status":"publish","type":"page","link":"https:\/\/ovp.gov.mk\/sq\/keshille-ogp\/","title":{"rendered":"K\u00ebshilli p\u00ebr PHQ"},"content":{"rendered":"<p>T\u00eb nderuar,<\/p>\n<div class=\"region region-two-66-33-first\">\n<div class=\"region-inner clearfix\">\n<div class=\"panel-pane pane-block pane-block-138 no-title block\">\n<div class=\"block-inner clearfix\">\n<div class=\"block-content\">\n<p>K\u00ebshilli p\u00ebr koordinim dhe ndjekje t\u00eb procesit t\u00eb Partneritetit t\u00eb hapur qeveritar dhe Planit Aksional Komb\u00ebtar p\u00ebr Partneritet t\u00eb Hapur Qeveritar\u00a0 viti 2018-2020\u00a0 \u00ebsht\u00eb trup k\u00ebshillues p\u00ebr\u00a0 Partneritet t\u00eb Hapur Qeveritar n\u00eb Republik\u00ebn e Maqedonis\u00eb s\u00eb Veriut, p\u00ebr koordinim dhe ndjekje t\u00eb zhvillimit dhe zbatimit t\u00eb planeve t\u00eb veprimit, me nj\u00eb rol kryesor k\u00ebshillues dhe vendimtar n\u00eb t\u00eb gjitha fazat e procesit t\u00eb Partneritetit t\u00eb hapur qeveritar, p\u00ebrmes ciklit t\u00eb planifikimit, n\u00eb zhvillimin e planeve t\u00eb veprimit\u00a0 dhe n\u00eb zbatimin, ndjekjen dhe njoftimin p\u00ebr planet e veprimit.<\/p>\n<\/div>\n<\/div>\n<\/div>\n<\/div>\n<\/div>\n<div class=\"region region-two-66-33-bottom region-conditional-stack\">\n<div class=\"region-inner clearfix\">\n<div class=\"panel-pane pane-block pane-block-141 no-title block\">\n<div class=\"block-inner clearfix\">\n<div class=\"block-content\">\n<p>K\u00ebshilli synon t\u00eb nxit\u00eb transparenc\u00ebn dhe m\u00ebnyr\u00ebn e hapur t\u00eb pun\u00ebs t\u00eb organeve t\u00eb administrat\u00ebs shtet\u00ebrore dhe pjes\u00ebmarrjes s\u00eb shoq\u00ebris\u00eb qytetare n\u00eb zbatimin dhe ndjekjen e iniciativ\u00ebs Partneritet i hapur qeveritar n\u00eb Republik\u00ebn e Maqedonis\u00eb s\u00eb Veriut,\u00a0 t\u00eb sigurohet bashk\u00ebpunim nd\u00ebrsektorial\u00a0 dhe t\u00eb vendosen mekanizma t\u00eb qarta, mir\u00eb t\u00eb strukturuara dhe t\u00eb q\u00ebndrueshme p\u00ebr dialog t\u00eb vazhduesh\u00ebm nd\u00ebrmjet autoriteteve dhe shoq\u00ebris\u00eb qytetare, t\u00eb rritet pjes\u00ebmarrja e shoq\u00ebris\u00eb qytetare n\u00eb proceset e Partneritetit t\u00eb hapur qeveritar dhe t\u00eb\u00a0 p\u00ebrgatitjes s\u00eb planeve aksionale p\u00ebr Partneritet t\u00eb hapur qeveritar dhe p\u00ebr mb\u00ebshtetje, nxitje dhe ndjekje t\u00eb zbatimit t\u00eb planit aksional q\u00eb \u00ebsht\u00eb aktual.<\/p>\n<p>K\u00ebshilli ndjek zbatimin e Planit Aksional Komb\u00ebtar p\u00ebr Partneritet t\u00eb hapur qeveritar viti 2018-2020, shqyrton dhe propozon raporte p\u00ebr zbatimin e planeve aksionale, n\u00eb p\u00ebrputhje me afatet e paracaktuara nga Qeveria e Republik\u00ebs s\u00eb Maqedonis\u00eb s\u00eb Veriut dhe iniciativ\u00ebs nd\u00ebrkomb\u00ebtare, shqyrton dhe propozon udh\u00ebzime p\u00ebr avansimin e procesit\u00a0 n\u00eb p\u00ebrputhje me udh\u00ebzimet q\u00eb dalin nga iniciativa nd\u00ebrkomb\u00ebtare, p\u00ebrcakton korniz\u00ebn kohore\u00a0 dhe m\u00ebnyr\u00ebn e zbatimit t\u00eb procesit t\u00eb bashk\u00eb-krijimit t\u00eb planeve aksionale, zhvillon procedur\u00eb t\u00eb konsultimeve p\u00ebr Propozim planet aksionale dhe i propozon planet aksionale p\u00ebr Partneritet t\u00eb hapur qeveritar deri tek Qeveria p\u00ebr miratim,\u00a0 siguron dialog t\u00eb vazhduesh\u00ebm t\u00eb organeve t\u00eb administrat\u00ebs shtet\u00ebrore, organizatat qytetare, sektorit t\u00eb biznesit, bashk\u00ebsis\u00eb akademike, mediumeve, dhe p\u00ebrfaq\u00ebsues t\u00eb tjer\u00eb\u00a0 t\u00eb publikut t\u00eb prekur p\u00ebr zhvillimin e standardeve p\u00ebr\u00a0 t\u00eb qen\u00eb t\u00eb hapur dhe transparent t\u00eb autoriteteve.<\/p>\n<\/div>\n<\/div>\n<\/div>\n<\/div>\n<\/div>\n","protected":false},"excerpt":{"rendered":"<p>T\u00eb nderuar, K\u00ebshilli p\u00ebr koordinim dhe ndjekje t\u00eb procesit t\u00eb Partneritetit t\u00eb hapur qeveritar dhe Planit Aksional Komb\u00ebtar p\u00ebr Partneritet t\u00eb Hapur Qeveritar\u00a0 viti 2018-2020\u00a0 \u00ebsht\u00eb trup k\u00ebshillues p\u00ebr\u00a0 Partneritet t\u00eb Hapur Qeveritar n\u00eb Republik\u00ebn e Maqedonis\u00eb s\u00eb Veriut, p\u00ebr koordinim dhe ndjekje t\u00eb zhvillimit dhe zbatimit t\u00eb planeve t\u00eb veprimit, me nj\u00eb rol kryesor [&hellip;]<\/p>\n","protected":false},"author":12,"featured_media":0,"parent":0,"menu_order":0,"comment_status":"closed","ping_status":"closed","template":"default-view-template-council.php","meta":{"_acf_changed":false,"inline_featured_image":false,"footnotes":""},"class_list":["post-838","page","type-page","status-publish","hentry"],"acf":[],"_links":{"self":[{"href":"https:\/\/ovp.gov.mk\/sq\/wp-json\/wp\/v2\/pages\/838"}],"collection":[{"href":"https:\/\/ovp.gov.mk\/sq\/wp-json\/wp\/v2\/pages"}],"about":[{"href":"https:\/\/ovp.gov.mk\/sq\/wp-json\/wp\/v2\/types\/page"}],"author":[{"embeddable":true,"href":"https:\/\/ovp.gov.mk\/sq\/wp-json\/wp\/v2\/users\/12"}],"replies":[{"embeddable":true,"href":"https:\/\/ovp.gov.mk\/sq\/wp-json\/wp\/v2\/comments?post=838"}],"version-history":[{"count":3,"href":"https:\/\/ovp.gov.mk\/sq\/wp-json\/wp\/v2\/pages\/838\/revisions"}],"predecessor-version":[{"id":3220,"href":"https:\/\/ovp.gov.mk\/sq\/wp-json\/wp\/v2\/pages\/838\/revisions\/3220"}],"wp:attachment":[{"href":"https:\/\/ovp.gov.mk\/sq\/wp-json\/wp\/v2\/media?parent=838"}],"curies":[{"name":"wp","href":"https:\/\/api.w.org\/{rel}","templated":true}]}}