{"id":836,"date":"2020-09-21T08:51:43","date_gmt":"2020-09-21T07:51:43","guid":{"rendered":"https:\/\/ovp.gov.mk\/nap-monitoring\/"},"modified":"2020-11-24T09:43:10","modified_gmt":"2020-11-24T09:43:10","slug":"nap-monitoring","status":"publish","type":"page","link":"https:\/\/ovp.gov.mk\/sq\/nap-monitoring\/","title":{"rendered":"Ndjekja e PAK"},"content":{"rendered":"<p>Ueb portali PHQ ka p\u00ebr q\u00ebllim q\u00eb n\u00eb detaje dhe n\u00eb m\u00ebnyr\u00eb interaktive ta paraqes\u00eb procesin e realizimit t\u00eb angazhimeve dhe arritjeve t\u00eb Planit aktual aksional komb\u00ebtar p\u00ebr Partneritet t\u00eb hapur qeveritar (PAK p\u00ebr PHQ) me q\u00ebllim t\u00eb b\u00ebhet ndjekje pa pengesa e zbatimit t\u00eb tij.<\/p>\n<p>Kjo veg\u00ebl ofron pasqyr\u00eb vizuale t\u00eb PAK p\u00ebr PHQ dhe p\u00ebrshkrim t\u00eb detajuar t\u00eb statusit t\u00eb realizimit n\u00eb p\u00ebrputhje me indikatoret p\u00ebr matjen e realizimeve t\u00eb vendosura p\u00ebr secil\u00ebn arritje nga angazhimet individuale n\u00eb fush\u00ebn e p\u00ebrshtatshme me prioritet.<\/p>\n<p>P\u00ebr secilin nga angazhimet nga PAK p\u00ebr PHQ, Ju keni pasur pasqyr\u00eb individuale n\u00eb:<\/p>\n<ul>\n<li><strong><b>Informacione ky\u00e7e <\/b><\/strong>(p\u00ebr secilin angazhim individual \u00ebsht\u00eb i disponuesh\u00ebm informacioni p\u00ebr institucionin p\u00ebrgjegj\u00ebs p\u00ebr zbatimin e tij, kontakt personi, t\u00eb vendosura jan\u00eb afatet dhe periudha e zbatimit, p\u00ebrshkrimet dhe q\u00ebllimet e angazhimeve dhe arritjeve&#8230;)<\/li>\n<li><strong><b>Semafori\/Num\u00ebruesi<\/b><\/strong> (arritjet jan\u00eb t\u00eb lidhura me ngjyr\u00eb p\u00ebrkat\u00ebse (t\u00eb gjelbert, verdh\u00eb dhe t\u00eb kuqe) n\u00eb var\u00ebsi t\u00eb statusit n\u00eb t\u00eb cilin ndodhet fitohet informacioni i duhur. Ngjyra e gjelb\u00ebrt i tregon arritjet e realizuara, me ngjyr\u00eb t\u00eb verdh\u00eb jan\u00eb t\u00eb ngjyrosura arritjet t\u00eb cilat pritet t\u00eb realizohen dhe jan\u00eb n\u00eb zhvillim e sip\u00ebr, p\u00ebrderisa me ngjyr\u00eb t\u00eb kuqe jan\u00eb arritjet q\u00eb \u00ebsht\u00eb vonuar zbatimi i tyre.)<\/li>\n<li><strong><b>Afati kohor<\/b><\/strong><b>\u00a0<\/b>(\u00e7do arritje lidhet me statusin e progresit respektivisht nivelin e realizimit. Me azhurnimin dhe vendosjen e informacioneve nga ana e institucionit p\u00ebrgjegj\u00ebs b\u00ebhet ndryshimi i statusit\u00a0 \u201eNuk ka filluar\u201c \u201eI kufizuar\u201c, \u201eI r\u00ebnd\u00ebsish\u00ebm\u201c, \u201eI P\u00ebrfunduar\u201c, p\u00ebrderisa nuk \u00ebsht\u00eb siguruar informacion shfaqet shkurtesa N.D. (nuk \u00ebsht\u00eb n\u00eb dispozicion).<\/li>\n<\/ul>\n","protected":false},"excerpt":{"rendered":"<p>Ueb portali PHQ ka p\u00ebr q\u00ebllim q\u00eb n\u00eb detaje dhe n\u00eb m\u00ebnyr\u00eb interaktive ta paraqes\u00eb procesin e realizimit t\u00eb angazhimeve dhe arritjeve t\u00eb Planit aktual aksional komb\u00ebtar p\u00ebr Partneritet t\u00eb hapur qeveritar (PAK p\u00ebr PHQ) me q\u00ebllim t\u00eb b\u00ebhet ndjekje pa pengesa e zbatimit t\u00eb tij. Kjo veg\u00ebl ofron pasqyr\u00eb vizuale t\u00eb PAK p\u00ebr PHQ [&hellip;]<\/p>\n","protected":false},"author":12,"featured_media":0,"parent":0,"menu_order":0,"comment_status":"closed","ping_status":"closed","template":"nap-monitoring-template.php","meta":{"_acf_changed":false,"inline_featured_image":false,"footnotes":""},"class_list":["post-836","page","type-page","status-publish","hentry"],"acf":[],"_links":{"self":[{"href":"https:\/\/ovp.gov.mk\/sq\/wp-json\/wp\/v2\/pages\/836"}],"collection":[{"href":"https:\/\/ovp.gov.mk\/sq\/wp-json\/wp\/v2\/pages"}],"about":[{"href":"https:\/\/ovp.gov.mk\/sq\/wp-json\/wp\/v2\/types\/page"}],"author":[{"embeddable":true,"href":"https:\/\/ovp.gov.mk\/sq\/wp-json\/wp\/v2\/users\/12"}],"replies":[{"embeddable":true,"href":"https:\/\/ovp.gov.mk\/sq\/wp-json\/wp\/v2\/comments?post=836"}],"version-history":[{"count":3,"href":"https:\/\/ovp.gov.mk\/sq\/wp-json\/wp\/v2\/pages\/836\/revisions"}],"predecessor-version":[{"id":3254,"href":"https:\/\/ovp.gov.mk\/sq\/wp-json\/wp\/v2\/pages\/836\/revisions\/3254"}],"wp:attachment":[{"href":"https:\/\/ovp.gov.mk\/sq\/wp-json\/wp\/v2\/media?parent=836"}],"curies":[{"name":"wp","href":"https:\/\/api.w.org\/{rel}","templated":true}]}}