{"id":832,"date":"2020-09-21T09:55:52","date_gmt":"2020-09-21T09:55:52","guid":{"rendered":"https:\/\/ovp.gov.mk\/regjistrimi\/"},"modified":"2020-09-27T21:31:45","modified_gmt":"2020-09-27T21:31:45","slug":"regjistrimi","status":"publish","type":"page","link":"https:\/\/ovp.gov.mk\/sq\/regjistrimi\/","title":{"rendered":"Regjistrimi"},"content":{"rendered":"<script src='https:\/\/www.google.com\/recaptcha\/api.js'><\/script>\n<div class=\"container\">\n    <div class=\"row\">\n        <div class=\"col-12 mx-auto\">\n            <form action=\"https:\/\/ovp.gov.mk\/wp-admin\/admin-post.php\" method=\"post\" id=\"registration-form\" class=\"form row registration-modal\">\n                <input name=\"action\" type=\"hidden\" value=\"user_registration_form\">\n                <input type=\"hidden\" name=\"user_registration_form_nonce\" value=\"51fc0e94b8\" \/>\n                <div class=\"form-floating mb-3 col-md-12 p-0\">\n                    <input type=\"text\" class=\"form-control\" id=\"first_name\" placeholder=\"Emri\" size=\"20\" value=\"\" name=\"log\" required>\n                    <label for=\"first_name\">Emri<\/label>\n                <\/div>\n                <div class=\"form-floating mb-3 col-md-12 p-0\">\n                    <input class=\"form-control\"  name=\"last_name\" id=\"last_name\" type=\"text\"  placeholder=\"Mbiemri\"  required>\n                    <label for=\"last_name\">Mbiemri<\/label>\n                <\/div>\n                <div class=\"form-floating mb-3 col-md-12 p-0\">\n                    <input class=\"form-control\"  name=\"email\" id=\"email\" type=\"email\"  placeholder=\"Mbiemri\"  required>\n                    <label for=\"email\">E-mail adresa<\/label>\n                <\/div>\n                <div class=\"form-floating mb-3 col-md-12 p-0\">\n                    <input class=\"form-control\"  name=\"password\" id=\"password\" type=\"password\"  placeholder=\"Fjal\u00ebkalimi\"  required>\n                    <label for=\"password\">Fjal\u00ebkalimi<\/label>\n                <\/div>\n                <div class=\"form-floating mb-3 col-md-12 p-0\">\n                    <input class=\"form-control\"  name=\"confirm_password\" id=\"confirm_password\" type=\"password\"  placeholder=\"Konfirmoni fjal\u00ebkalimin\"  required>\n                    <label for=\"confirm_password\">Konfirmoni fjal\u00ebkalimin<\/label>\n                <\/div>\n                <!--\n                <div class=\"form-group col-md-6\">\n                    <input class=\"form-control\" name=\"first_name\" id=\"first_name\" type=\"text\"  placeholder=\"\" >\n                <\/div>-->\n                <!--<div class=\"form-group col-md-6\">\n                    <input class=\"form-control\" name=\"last_name\" id=\"last_name\" type=\"text\"  placeholder=\"\" >\n                <\/div>-->\n               <!-- <div class=\"form-group col-md-12\">\n                    <input class=\"form-control\" name=\"email\" id=\"email\" type=\"email\" placeholder=\"\" >\n                <\/div>-->\n                <!--<div class=\"form-group col-md-6\">\n                    <input class=\"form-control\" name=\"password\" id=\"password\" type=\"password\" placeholder=\"\">\n                <\/div>-->\n               <!-- <div class=\"form-group col-md-6\">\n                    <input class=\"form-control\" name=\"confirm_password\" id=\"confirm_password\" type=\"password\" placeholder=\"\">\n                <\/div>-->\n                <div class=\"form-group col-12\">\n                    <div class=\"row\">\n                        <div class=\"col-12\">\n                            <strong>Zona e interesit<\/strong>\n                        <\/div>\n                                                    <label class=\"col-md-12\">\n                                <input type=\"checkbox\"\n                                       value=\"8686\"\n                                       name=\"area_of_interest[]\"\n                                       >\n                                \u041e\u0442\u0432\u043e\u0440\u0435\u043d \u043f\u0430\u0440\u043b\u0430\u043c\u0435\u043d\u0442 \u0438 \u043e\u0442\u0432\u043e\u0440\u0435\u043d\u043e \u0441\u0443\u0434\u0441\u0442\u0432\u043e                            <\/label>\n                                                    <label class=\"col-md-12\">\n                                <input type=\"checkbox\"\n                                       value=\"8685\"\n                                       name=\"area_of_interest[]\"\n                                       >\n                                \u041a\u043b\u0438\u043c\u0430 \u0438 \u0436\u0438\u0432\u043e\u0442\u043d\u0430 \u0441\u0440\u0435\u0434\u0438\u043d\u0430                            <\/label>\n                                                    <label class=\"col-md-12\">\n                                <input type=\"checkbox\"\n                                       value=\"8684\"\n                                       name=\"area_of_interest[]\"\n                                       >\n                                \u0414\u0438\u0433\u0438\u0442\u0430\u043b\u043d\u043e \u0443\u043f\u0440\u0430\u0432\u0443\u0432\u0430\u045a\u0435                            <\/label>\n                                                    <label class=\"col-md-12\">\n                                <input type=\"checkbox\"\n                                       value=\"8683\"\n                                       name=\"area_of_interest[]\"\n                                       >\n                                \u0413\u0440\u0430\u0453\u0430\u043d\u0441\u043a\u0438 \u043f\u0440\u043e\u0441\u0442\u043e\u0440, \u0443\u0447\u0435\u0441\u0442\u0432\u043e \u0438 \u0441\u043b\u043e\u0431\u043e\u0434\u0438                            <\/label>\n                                                    <label class=\"col-md-12\">\n                                <input type=\"checkbox\"\n                                       value=\"8682\"\n                                       name=\"area_of_interest[]\"\n                                       >\n                                \u0410\u043d\u0442\u0438\u043a\u043e\u0440\u0443\u043f\u0446\u0438\u0458\u0430, \u0438\u043d\u0442\u0435\u0433\u0440\u0438\u0442\u0435\u0442, \u043e\u0434\u0433\u043e\u0432\u043e\u0440\u043d\u043e\u0441\u0442 \u0438 \u043e\u0442\u0447\u0435\u0442\u043d\u043e\u0441\u0442                            <\/label>\n                                            <\/div>\n                <\/div>\n                <div class=\"form-group col-12\">\n                    <div class=\"row\">\n                        <div class=\"pb-2 col-12\">\n                            <strong>Abonohu p\u00ebr t\u00eb pranuar at\u00ebher\u00eb kur dokumenti t\u00eb jet\u00eb i ngarkuar<\/strong>\n                        <\/div>\n                        <label class=\"col-md-4 col-12\">\n                            <input type=\"checkbox\" name=\"subscribe_for_notifications[]\" value=\"council_documents\">\n                            K\u00ebshilli p\u00ebr PHQ                        <\/label>\n                        <label class=\"col-md-4 col-12\">\n                            <input type=\"checkbox\" name=\"subscribe_for_notifications[]\" value=\"network_documents\">\n                            Rrjeti p\u00ebr PHQ                        <\/label>\n                        <label class=\"col-md-4 col-12\">\n                            <input type=\"checkbox\" name=\"subscribe_for_notifications[]\" value=\"general_documents\">\n                            Gjeneral p\u00ebr PHQ                         <\/label>\n                    <\/div>\n\n                <\/div>\n                <!-- Google reCAPTCHA widget -->\n                <div class=\"col-12\">\n                <div class=\"g-recaptcha\" data-sitekey=\"6LdVUdEZAAAAAHa91MJdqdNCD1IVIpgpL2MAtBM4\" data-badge=\"inline\" data-size=\"invisible\" data-callback=\"setResponse\"><\/div><br>\n                <input type=\"hidden\" id=\"captcha_response\" name=\"captcha_response\" value=\"6LdVUdEZAAAAAHa91MJdqdNCD1IVIpgpL2MAtBM4\"\/>\n                <\/div>\n\n                <button id=\"submit_registration_form\" type=\"submit\" class=\"ovp-button\" name=\"submit_registration_form\">Regjistro<\/button>\n            <\/form>\n        <\/div>\n    <\/div>\n\n<\/div>\n\n<p><!-- \/wp:shortcode --><!-- wp:paragraph --><\/p>\n<p>&nbsp;<\/p>\n","protected":false},"excerpt":{"rendered":"<p>&nbsp;<\/p>\n","protected":false},"author":12,"featured_media":0,"parent":0,"menu_order":0,"comment_status":"closed","ping_status":"closed","template":"","meta":{"_acf_changed":false,"inline_featured_image":false,"footnotes":""},"class_list":["post-832","page","type-page","status-publish","hentry"],"acf":[],"_links":{"self":[{"href":"https:\/\/ovp.gov.mk\/sq\/wp-json\/wp\/v2\/pages\/832"}],"collection":[{"href":"https:\/\/ovp.gov.mk\/sq\/wp-json\/wp\/v2\/pages"}],"about":[{"href":"https:\/\/ovp.gov.mk\/sq\/wp-json\/wp\/v2\/types\/page"}],"author":[{"embeddable":true,"href":"https:\/\/ovp.gov.mk\/sq\/wp-json\/wp\/v2\/users\/12"}],"replies":[{"embeddable":true,"href":"https:\/\/ovp.gov.mk\/sq\/wp-json\/wp\/v2\/comments?post=832"}],"version-history":[{"count":1,"href":"https:\/\/ovp.gov.mk\/sq\/wp-json\/wp\/v2\/pages\/832\/revisions"}],"predecessor-version":[{"id":833,"href":"https:\/\/ovp.gov.mk\/sq\/wp-json\/wp\/v2\/pages\/832\/revisions\/833"}],"wp:attachment":[{"href":"https:\/\/ovp.gov.mk\/sq\/wp-json\/wp\/v2\/media?parent=832"}],"curies":[{"name":"wp","href":"https:\/\/api.w.org\/{rel}","templated":true}]}}