{"id":826,"date":"2020-09-23T20:16:14","date_gmt":"2020-09-23T20:16:14","guid":{"rendered":"https:\/\/ovp.gov.mk\/rrjetet-ogp\/regjistrimi-i-nje-organizate\/"},"modified":"2020-09-23T20:16:14","modified_gmt":"2020-09-23T20:16:14","slug":"regjistrimi-i-nje-organizate","status":"publish","type":"page","link":"https:\/\/ovp.gov.mk\/sq\/rrjetet-ogp\/regjistrimi-i-nje-organizate\/","title":{"rendered":"Regjistrimi i nj\u00eb organizate"},"content":{"rendered":"<div class=\"text-center\">Ju ne fillim duhet t\u00eb krijoni llogari n\u00eb m\u00ebnyr\u00eb q\u00eb t\u00eb regjistroni organizat\u00ebn tuaj<\/div>\n\n","protected":false},"excerpt":{"rendered":"","protected":false},"author":12,"featured_media":0,"parent":817,"menu_order":0,"comment_status":"closed","ping_status":"closed","template":"default-view-template-co.php","meta":{"_acf_changed":false,"inline_featured_image":false,"footnotes":""},"class_list":["post-826","page","type-page","status-publish","hentry"],"acf":[],"_links":{"self":[{"href":"https:\/\/ovp.gov.mk\/sq\/wp-json\/wp\/v2\/pages\/826"}],"collection":[{"href":"https:\/\/ovp.gov.mk\/sq\/wp-json\/wp\/v2\/pages"}],"about":[{"href":"https:\/\/ovp.gov.mk\/sq\/wp-json\/wp\/v2\/types\/page"}],"author":[{"embeddable":true,"href":"https:\/\/ovp.gov.mk\/sq\/wp-json\/wp\/v2\/users\/12"}],"replies":[{"embeddable":true,"href":"https:\/\/ovp.gov.mk\/sq\/wp-json\/wp\/v2\/comments?post=826"}],"version-history":[{"count":0,"href":"https:\/\/ovp.gov.mk\/sq\/wp-json\/wp\/v2\/pages\/826\/revisions"}],"up":[{"embeddable":true,"href":"https:\/\/ovp.gov.mk\/sq\/wp-json\/wp\/v2\/pages\/817"}],"wp:attachment":[{"href":"https:\/\/ovp.gov.mk\/sq\/wp-json\/wp\/v2\/media?parent=826"}],"curies":[{"name":"wp","href":"https:\/\/api.w.org\/{rel}","templated":true}]}}