{"id":824,"date":"2020-09-23T06:27:39","date_gmt":"2020-09-23T05:27:39","guid":{"rendered":"https:\/\/ovp.gov.mk\/rrjetet-ogp\/informacioni-i-rrjetit\/"},"modified":"2020-11-24T15:04:15","modified_gmt":"2020-11-24T15:04:15","slug":"informacioni-i-rrjetit","status":"publish","type":"page","link":"https:\/\/ovp.gov.mk\/sq\/rrjetet-ogp\/informacioni-i-rrjetit\/","title":{"rendered":"Informacione p\u00ebr Rrjetin"},"content":{"rendered":"<p>Rrjeti do t\u00eb marr\u00eb pjes\u00eb n\u00eb p\u00ebrgatitjen e planit t\u00eb ri aksional, si dhe n\u00eb krijimin e modelit, formimin dhe pun\u00ebn e trupit zyrtar p\u00ebr koordinim dhe monitorim n\u00eb p\u00ebrputhje me udh\u00ebzimet dhe standardet e PHQ (i ashtuquajtur Forum i m\u00eb shum\u00eb pal\u00ebve t\u00eb p\u00ebrfshira, Komiteti drejtues ose K\u00ebshilli p\u00ebr PHQ), model i organizuar dhe themeluar p\u00ebr koordinim\u00a0 p\u00ebrfshirje t\u00eb shoq\u00ebris\u00eb qytetare, institucioneve dhe\u00a0 pal\u00ebve tjera t\u00eb p\u00ebrfshira n\u00eb procesin e zhvillimit dhe implementimit t\u00eb PHQ. Rrjeti do t\u00eb kontriboj\u00eb n\u00eb krijimin e strukture p\u00ebr konsultim dhe koordinim n\u00eb shoq\u00ebrin\u00eb qytetare dhe nd\u00ebrmjet qeveris\u00eb, organizatave qytetare, qytetar\u00ebve dhe pal\u00ebve tjera t\u00eb interesuara p\u00ebr dizajnimin,\u00a0 zbatimim, mb\u00ebshtjetjen, promovimin dhe monitorimin e prioriteteve dhe iniciativave t\u00eb PHQ.<\/p>\n<p>Rrjeti do t\u00eb mund\u00ebsoj\u00eb shk\u00ebmbimin e ideve, njohurive dhe p\u00ebrvojave t\u00eb organizatave qytetare p\u00ebr nd\u00ebrtimin e institucioneve publike m\u00eb tep\u00ebr funksionale.\u00a0 Me veprimin dhe zhvillimin e tij, rrjeti do t\u00eb ju mund\u00ebsoj\u00eb pal\u00ebve lidhje nd\u00ebrmjet veti dhe p\u00ebrmir\u00ebsim t\u00eb inicijativave individuale p\u00ebr qeveri t\u00eb hapura (si n\u00eb nivel lokal, ashtu edhe n\u00eb nivel komb\u00ebtar), si dhe krijim e projekteve t\u00eb reja p\u00ebrmes rrjetit si platform\u00eb.<\/p>\n","protected":false},"excerpt":{"rendered":"<p>Rrjeti do t\u00eb marr\u00eb pjes\u00eb n\u00eb p\u00ebrgatitjen e planit t\u00eb ri aksional, si dhe n\u00eb krijimin e modelit, formimin dhe pun\u00ebn e trupit zyrtar p\u00ebr koordinim dhe monitorim n\u00eb p\u00ebrputhje me udh\u00ebzimet dhe standardet e PHQ (i ashtuquajtur Forum i m\u00eb shum\u00eb pal\u00ebve t\u00eb p\u00ebrfshira, Komiteti drejtues ose K\u00ebshilli p\u00ebr PHQ), model i organizuar dhe [&hellip;]<\/p>\n","protected":false},"author":12,"featured_media":0,"parent":817,"menu_order":0,"comment_status":"closed","ping_status":"closed","template":"default-view-template-co.php","meta":{"_acf_changed":false,"inline_featured_image":false,"footnotes":""},"class_list":["post-824","page","type-page","status-publish","hentry"],"acf":[],"_links":{"self":[{"href":"https:\/\/ovp.gov.mk\/sq\/wp-json\/wp\/v2\/pages\/824"}],"collection":[{"href":"https:\/\/ovp.gov.mk\/sq\/wp-json\/wp\/v2\/pages"}],"about":[{"href":"https:\/\/ovp.gov.mk\/sq\/wp-json\/wp\/v2\/types\/page"}],"author":[{"embeddable":true,"href":"https:\/\/ovp.gov.mk\/sq\/wp-json\/wp\/v2\/users\/12"}],"replies":[{"embeddable":true,"href":"https:\/\/ovp.gov.mk\/sq\/wp-json\/wp\/v2\/comments?post=824"}],"version-history":[{"count":2,"href":"https:\/\/ovp.gov.mk\/sq\/wp-json\/wp\/v2\/pages\/824\/revisions"}],"predecessor-version":[{"id":3257,"href":"https:\/\/ovp.gov.mk\/sq\/wp-json\/wp\/v2\/pages\/824\/revisions\/3257"}],"up":[{"embeddable":true,"href":"https:\/\/ovp.gov.mk\/sq\/wp-json\/wp\/v2\/pages\/817"}],"wp:attachment":[{"href":"https:\/\/ovp.gov.mk\/sq\/wp-json\/wp\/v2\/media?parent=824"}],"curies":[{"name":"wp","href":"https:\/\/api.w.org\/{rel}","templated":true}]}}