{"id":822,"date":"2020-09-23T21:17:10","date_gmt":"2020-09-23T21:17:10","guid":{"rendered":"https:\/\/ovp.gov.mk\/rrjetet-ogp\/bordi-nismetar\/"},"modified":"2020-09-23T21:17:10","modified_gmt":"2020-09-23T21:17:10","slug":"bordi-nismetar","status":"publish","type":"page","link":"https:\/\/ovp.gov.mk\/sq\/rrjetet-ogp\/bordi-nismetar\/","title":{"rendered":"Bordi Nism\u00ebtar"},"content":{"rendered":"<div class=\"table-responsive shadow-lg rounded-3 overflow-md-hidden\">\r\n    <div class=\"table-card\">\r\n        <table class=\"table table-purple mb-0\">\r\n            <thead>\r\n            <tr>\r\n                <th>An\u00ebtar<\/th>\r\n                <th>Organizimi<\/th>\r\n            <\/tr>\r\n            <\/thead>\r\n            <tbody>\r\n                            <tr>\r\n                    <td>\r\n                        <div class=\"member-info d-flex flex-column align-items-start gap-2 ps-3 \">\r\n                                                                                                <div class=\"member-details\">\r\n                                        <div class=\"member-name\">\u0411\u043b\u0430\u0433\u0438\u0446\u0430 \u0414\u0438\u043c\u0438\u0442\u0440\u043e\u0432\u0441\u043a\u0430<\/div>\r\n                                        <div class=\"member-email small\">\r\n                                            <i class=\"fas fa-envelope\"><\/i>\r\n                                            <a href=\"mailto:inkluziva@gmail.com\" class=\"text-decoration-none small\">inkluziva@gmail.com<\/a><\/div>\r\n                                    <\/div>\r\n                                                                                    <\/div>\r\n                    <\/td>\r\n                    <td>\r\n                        <div class=\"org-primary d-flex gap-3 flex-wrap flex-md-nowrap\">\r\n                                                            <div class=\"member-avatar-placeholder d-flex align-items-center justify-content-center bg-light border member-avatar\" style=\"width: 80px; height: 60px; border-radius: 4px;\"><i class=\"fas fa-building text-muted\"><\/i><\/div>\r\n                                                        <a href=\"https:\/\/ovp.gov.mk\/sq\/organizations\/shoqata-per-promovimin-dhe-zhvillimin-e-shoqerise-gjitheperfshirese-inkluziva\/\"\r\n                               title=\"Shoqata p\u00ebr promovimin dhe zhvillimin e shoq\u00ebris\u00eb gjith\u00ebp\u00ebrfshir\u00ebse INKLUZIVA\">Shoqata p\u00ebr promovimin dhe zhvillimin e shoq\u00ebris\u00eb gjith\u00ebp\u00ebrfshir\u00ebse INKLUZIVA<\/a>\r\n                        <\/div>\r\n                    <\/td>\r\n                <\/tr>\r\n                            <tr>\r\n                    <td>\r\n                        <div class=\"member-info d-flex flex-column align-items-start gap-2 ps-3 \">\r\n                                                                                                <div class=\"member-details\">\r\n                                        <div class=\"member-name\">\u0411\u0430\u0440\u0434\u0438\u043b \u0408\u0430\u0448\u0430\u0440\u0438<\/div>\r\n                                        <div class=\"member-email small\">\r\n                                            <i class=\"fas fa-envelope\"><\/i>\r\n                                            <a href=\"mailto:bardhyl@metamorphosis.org.mk\" class=\"text-decoration-none small\">bardhyl@metamorphosis.org.mk<\/a><\/div>\r\n                                    <\/div>\r\n                                                                                    <\/div>\r\n                    <\/td>\r\n                    <td>\r\n                        <div class=\"org-primary d-flex gap-3 flex-wrap flex-md-nowrap\">\r\n                                                            <img decoding=\"async\" src=\"https:\/\/ovp.gov.mk\/wp-content\/uploads\/2020\/11\/Metamorfozis-300x180.jpg\" width=80px\" class=\"mr-2 member-avatar\" title=\"Fondacioni p\u00ebr internet dhe shoq\u00ebri Metamorfozis\" alt=\"\">\r\n                                                        <a href=\"https:\/\/ovp.gov.mk\/sq\/organizations\/fondacioni-per-internet-dhe-shoqeri-metamorfozis\/\"\r\n                               title=\"Fondacioni p\u00ebr internet dhe shoq\u00ebri Metamorfozis\">Fondacioni p\u00ebr internet dhe shoq\u00ebri Metamorfozis<\/a>\r\n                        <\/div>\r\n                    <\/td>\r\n                <\/tr>\r\n                            <tr>\r\n                    <td>\r\n                        <div class=\"member-info d-flex flex-column align-items-start gap-2 ps-3 \">\r\n                                                                                                <div class=\"member-details\">\r\n                                        <div class=\"member-name\">\u0414\u0430\u0440\u043a\u043e \u0410\u043d\u0442\u0438\u045c<\/div>\r\n                                        <div class=\"member-email small\">\r\n                                            <i class=\"fas fa-envelope\"><\/i>\r\n                                            <a href=\"mailto:dantik@esem.org.mk\" class=\"text-decoration-none small\">dantik@esem.org.mk<\/a><\/div>\r\n                                    <\/div>\r\n                                                                                    <\/div>\r\n                    <\/td>\r\n                    <td>\r\n                        <div class=\"org-primary d-flex gap-3 flex-wrap flex-md-nowrap\">\r\n                                                            <img decoding=\"async\" src=\"https:\/\/ovp.gov.mk\/wp-content\/uploads\/2020\/11\/13938522_1043139879067252_5192980817138034748_n-300x180.png\" width=80px\" class=\"mr-2 member-avatar\" title=\"Shoqata p\u00ebr emancipim, solidaritet dhe barazi t\u00eb grave\" alt=\"\">\r\n                                                        <a href=\"https:\/\/ovp.gov.mk\/sq\/?post_type=organization&p=2607\"\r\n                               title=\"Shoqata p\u00ebr emancipim, solidaritet dhe barazi t\u00eb grave\">Shoqata p\u00ebr emancipim, solidaritet dhe barazi t\u00eb grave<\/a>\r\n                        <\/div>\r\n                    <\/td>\r\n                <\/tr>\r\n                            <tr>\r\n                    <td>\r\n                        <div class=\"member-info d-flex flex-column align-items-start gap-2 ps-3 \">\r\n                                                                                                <div class=\"member-details\">\r\n                                        <div class=\"member-name\">\u041d\u0430\u0434\u0430 \u0414\u0438\u043c\u0438\u0442\u0440\u0438\u0435\u0432\u0441\u043a\u0430<\/div>\r\n                                        <div class=\"member-email small\">\r\n                                            <i class=\"fas fa-envelope\"><\/i>\r\n                                            <a href=\"mailto:nada.dimitrievska@cup.org.mk\" class=\"text-decoration-none small\">nada.dimitrievska@cup.org.mk<\/a><\/div>\r\n                                    <\/div>\r\n                                                                                    <\/div>\r\n                    <\/td>\r\n                    <td>\r\n                        <div class=\"org-primary d-flex gap-3 flex-wrap flex-md-nowrap\">\r\n                                                            <img decoding=\"async\" src=\"https:\/\/ovp.gov.mk\/wp-content\/uploads\/2020\/11\/CUP-logo-300x180.jpg\" width=80px\" class=\"mr-2 member-avatar\" title=\"Qendra p\u00ebr menaxhim me ndryshimet\" alt=\"\">\r\n                                                        <a href=\"https:\/\/ovp.gov.mk\/sq\/organizations\/qendra-per-menaxhim-me-ndryshimet\/\"\r\n                               title=\"Qendra p\u00ebr menaxhim me ndryshimet\">Qendra p\u00ebr menaxhim me ndryshimet<\/a>\r\n                        <\/div>\r\n                    <\/td>\r\n                <\/tr>\r\n                            <tr>\r\n                    <td>\r\n                        <div class=\"member-info d-flex flex-column align-items-start gap-2 ps-3 \">\r\n                                                                                                <div class=\"member-details\">\r\n                                        <div class=\"member-name\">\u0413\u0435\u0440\u043c\u0430\u043d \u0424\u0438\u043b\u043a\u043e\u0432<\/div>\r\n                                        <div class=\"member-email small\">\r\n                                            <i class=\"fas fa-envelope\"><\/i>\r\n                                            <a href=\"mailto:gfilkov@ccc.org.mk\" class=\"text-decoration-none small\">gfilkov@ccc.org.mk<\/a><\/div>\r\n                                    <\/div>\r\n                                                                                    <\/div>\r\n                    <\/td>\r\n                    <td>\r\n                        <div class=\"org-primary d-flex gap-3 flex-wrap flex-md-nowrap\">\r\n                                                            <img decoding=\"async\" src=\"https:\/\/ovp.gov.mk\/wp-content\/uploads\/2020\/11\/\u0426\u0413\u041a-300x126.png\" width=80px\" class=\"mr-2 member-avatar\" title=\"Qendra p\u00ebr komunikime qytetare\" alt=\"\">\r\n                                                        <a href=\"https:\/\/ovp.gov.mk\/sq\/organizations\/qendra-per-komunikime-qytetare\/\"\r\n                               title=\"Qendra p\u00ebr komunikime qytetare\">Qendra p\u00ebr komunikime qytetare<\/a>\r\n                        <\/div>\r\n                    <\/td>\r\n                <\/tr>\r\n                            <tr>\r\n                    <td>\r\n                        <div class=\"member-info d-flex flex-column align-items-start gap-2 ps-3 \">\r\n                                                                                                <div class=\"member-details\">\r\n                                        <div class=\"member-name\">\u0422\u043e\u043d\u0438 \u0421\u0442\u0430\u043d\u043a\u043e\u0432\u0441\u043a\u0438<\/div>\r\n                                        <div class=\"member-email small\">\r\n                                            <i class=\"fas fa-envelope\"><\/i>\r\n                                            <a href=\"mailto:stankovski.toni@yahoo.com\" class=\"text-decoration-none small\">stankovski.toni@yahoo.com<\/a><\/div>\r\n                                    <\/div>\r\n                                                                                    <\/div>\r\n                    <\/td>\r\n                    <td>\r\n                        <div class=\"org-primary d-flex gap-3 flex-wrap flex-md-nowrap\">\r\n                                                            <img decoding=\"async\" src=\"https:\/\/ovp.gov.mk\/wp-content\/uploads\/2020\/11\/\u0409\u0443\u0431\u0435\u0437\u043d\u043e\u0441\u0442-206x180.jpg\" width=80px\" class=\"mr-2 member-avatar\" title=\"SHQ Dashamir\u00ebsia\" alt=\"\">\r\n                                                        <a href=\"https:\/\/ovp.gov.mk\/sq\/?post_type=organization&p=2594\"\r\n                               title=\"SHQ Dashamir\u00ebsia\">SHQ Dashamir\u00ebsia<\/a>\r\n                        <\/div>\r\n                    <\/td>\r\n                <\/tr>\r\n                        <\/tbody>\r\n        <\/table>\r\n    <\/div>\r\n<\/div>\r\n\n","protected":false},"excerpt":{"rendered":"","protected":false},"author":12,"featured_media":0,"parent":817,"menu_order":0,"comment_status":"closed","ping_status":"closed","template":"default-view-template-co.php","meta":{"_acf_changed":false,"inline_featured_image":false,"footnotes":""},"class_list":["post-822","page","type-page","status-publish","hentry"],"acf":[],"_links":{"self":[{"href":"https:\/\/ovp.gov.mk\/sq\/wp-json\/wp\/v2\/pages\/822"}],"collection":[{"href":"https:\/\/ovp.gov.mk\/sq\/wp-json\/wp\/v2\/pages"}],"about":[{"href":"https:\/\/ovp.gov.mk\/sq\/wp-json\/wp\/v2\/types\/page"}],"author":[{"embeddable":true,"href":"https:\/\/ovp.gov.mk\/sq\/wp-json\/wp\/v2\/users\/12"}],"replies":[{"embeddable":true,"href":"https:\/\/ovp.gov.mk\/sq\/wp-json\/wp\/v2\/comments?post=822"}],"version-history":[{"count":0,"href":"https:\/\/ovp.gov.mk\/sq\/wp-json\/wp\/v2\/pages\/822\/revisions"}],"up":[{"embeddable":true,"href":"https:\/\/ovp.gov.mk\/sq\/wp-json\/wp\/v2\/pages\/817"}],"wp:attachment":[{"href":"https:\/\/ovp.gov.mk\/sq\/wp-json\/wp\/v2\/media?parent=822"}],"curies":[{"name":"wp","href":"https:\/\/api.w.org\/{rel}","templated":true}]}}