{"id":817,"date":"2020-09-23T06:26:07","date_gmt":"2020-09-23T05:26:07","guid":{"rendered":"https:\/\/ovp.gov.mk\/rrjetet-ogp\/"},"modified":"2020-11-23T13:37:52","modified_gmt":"2020-11-23T13:37:52","slug":"rrjetet-ogp","status":"publish","type":"page","link":"https:\/\/ovp.gov.mk\/sq\/rrjetet-ogp\/","title":{"rendered":"RRJETI P\u00cbR PHQ"},"content":{"rendered":"<p>Rrjeti i organizatave qytetare p\u00ebr Partneritet t\u00eb hapur qeveritar formohet n\u00eb prag t\u00eb p\u00ebrgatitjes s\u00eb planit t\u00eb ri (pest\u00eb) aksional, me q\u00ebllim t\u00eb veprimit m\u00eb t\u00eb organizuar dhe ndikimit t\u00eb organizatave qytetare n\u00eb krijimin e tij, si dhe inkurajimin dhe ndjekjen e implementimit t\u00eb planeve aksionale ekzistuese\u00a0 dhe atyre t\u00eb ardhshme.<br \/>\n<b>Roli i rrjetit<\/b> \u00ebsht\u00eb t\u00eb mobilizoj\u00eb dhe koordinoj\u00eb p\u00ebrfaq\u00ebsimin e shoq\u00ebris\u00eb qytetare p\u00ebr pyetjet e PHQ. Rrjeti paraqet form\u00eb t\u00eb organizuar t\u00eb veprimit ndaj pyetjes\u00a0 s\u00eb PHQ n\u00eb sektorin qytetar\u00eb.<\/p>\n<ul>\n<li>rrjet i organizatave qytetare aktive t\u00eb cilat me p\u00ebrkushtim do ti nxisin autoritetet dhe institucionet tjera t\u00eb punojn\u00eb m\u00eb mir\u00eb p\u00ebrmes rritjes s\u00eb transparenc\u00ebs, pjes\u00ebmarrjes dhe llogaridh\u00ebnies;<\/li>\n<li>iniciativ\u00eb e organizuar qytetare e cila do t\u00eb udh\u00ebheq\u00eb, monitoroj\u00eb dhe promovoj\u00eb procesin, por n\u00eb nd\u00ebrkoh\u00eb do t\u00eb shkoj\u00eb p\u00ebrtej aktiviteteve t\u00eb rregullta t\u00eb Qeveris\u00eb dhe do t\u00eb ushtroj\u00eb presion inovativ.<\/li>\n<\/ul>\n<p>Sipas form\u00ebs s\u00eb saj \u00ebsht\u00eb rrjet joformal, me nj\u00eb organizim t\u00eb qart\u00eb t\u00eb struktur\u00ebs dhe organizimit.<\/p>\n<p><b>Q\u00ebllimet e rrjetit<\/b><br \/>\nQ\u00ebllimi kryesor i Rrjetit \u00ebsht\u00eb t\u00eb koordinoj\u00eb dhe t\u00eb forcoj\u00eb z\u00ebrin e organizatave qytetare t\u00eb cilat mbrojn\u00eb pjes\u00ebmarrjen, hapjen dhe llogaridh\u00ebnien e autoriteteve. Rrjeti do t\u00eb p\u00ebrpiqet t\u00eb inicim, inkurajim, zbatim, mb\u00ebshtetje, zbatim dhe monitorim t\u00eb procesit t\u00eb PHQ dhe p\u00ebr presion mbi autoritetet dhe institucionet tjera p\u00ebr t\u00eb rritur transparenc\u00ebn,\u00a0 llogaridh\u00ebnie dhe hapje p\u00ebr pjes\u00ebmarrje (participim). Rrjeti do t\u00eb p\u00ebrpiqet t\u00eb krijoj\u00eb nj\u00eb struktur\u00eb t\u00eb re p\u00ebr koordinim t\u00eb procesit t\u00eb PHQ n\u00eb Maqedonin\u00eb s\u00eb Veriut n\u00eb p\u00ebrputhje me p\u00ebrvoj\u00ebn nd\u00ebrkomb\u00ebtare,\u00a0 me q\u00ebllim t\u00eb p\u00ebrmir\u00ebsimit t\u00eb komunikimit t\u00eb t\u00eb gjith\u00eb pal\u00ebve t\u00eb p\u00ebrfshira dhe t\u00eb p\u00ebrforcimit t\u00eb monitorimit dhe evaluimit t\u00eb aktiviteteve. Rrjeti do t\u00eb marr\u00eb pjes\u00eb dhe do t\u00eb kontriboj\u00eb n\u00eb krijimin e nj\u00eb strukture t\u00eb re p\u00eb koordinim dhe monitorim t\u00eb zvhvillimit dhe zbatimit t\u00eb PAK. Struktura e re duhet t\u00eb p\u00ebrmir\u00ebsoj\u00eb praktik\u00eb ekzistuese dhe burimet e angazhuara p\u00ebr PHQ. Rrjeti duhet t\u00eb inkurajoj\u00eb dhe t\u00eb rris\u00eb angazhimin e pjes\u00ebmarr\u00ebsve p\u00ebr zhvillimin e PAK p\u00ebrmes nj\u00eb procesi i cili i p\u00ebrfshin t\u00eb gjitha pal\u00ebt e interesuara, me p\u00ebrfshirjen aktive t\u00eb qytetar\u00ebve dhe shoq\u00ebris\u00eb qytetare.<\/p>\n","protected":false},"excerpt":{"rendered":"<p>Rrjeti i organizatave qytetare p\u00ebr Partneritet t\u00eb hapur qeveritar formohet n\u00eb prag t\u00eb p\u00ebrgatitjes s\u00eb planit t\u00eb ri (pest\u00eb) aksional, me q\u00ebllim t\u00eb veprimit m\u00eb t\u00eb organizuar dhe ndikimit t\u00eb organizatave qytetare n\u00eb krijimin e tij, si dhe inkurajimin dhe ndjekjen e implementimit t\u00eb planeve aksionale ekzistuese\u00a0 dhe atyre t\u00eb ardhshme. Roli i rrjetit \u00ebsht\u00eb [&hellip;]<\/p>\n","protected":false},"author":12,"featured_media":0,"parent":0,"menu_order":0,"comment_status":"closed","ping_status":"closed","template":"default-view-template-co.php","meta":{"_acf_changed":false,"inline_featured_image":false,"footnotes":""},"class_list":["post-817","page","type-page","status-publish","hentry"],"acf":[],"_links":{"self":[{"href":"https:\/\/ovp.gov.mk\/sq\/wp-json\/wp\/v2\/pages\/817"}],"collection":[{"href":"https:\/\/ovp.gov.mk\/sq\/wp-json\/wp\/v2\/pages"}],"about":[{"href":"https:\/\/ovp.gov.mk\/sq\/wp-json\/wp\/v2\/types\/page"}],"author":[{"embeddable":true,"href":"https:\/\/ovp.gov.mk\/sq\/wp-json\/wp\/v2\/users\/12"}],"replies":[{"embeddable":true,"href":"https:\/\/ovp.gov.mk\/sq\/wp-json\/wp\/v2\/comments?post=817"}],"version-history":[{"count":2,"href":"https:\/\/ovp.gov.mk\/sq\/wp-json\/wp\/v2\/pages\/817\/revisions"}],"predecessor-version":[{"id":3222,"href":"https:\/\/ovp.gov.mk\/sq\/wp-json\/wp\/v2\/pages\/817\/revisions\/3222"}],"wp:attachment":[{"href":"https:\/\/ovp.gov.mk\/sq\/wp-json\/wp\/v2\/media?parent=817"}],"curies":[{"name":"wp","href":"https:\/\/api.w.org\/{rel}","templated":true}]}}