{"id":800,"date":"2020-09-23T22:57:11","date_gmt":"2020-09-23T21:57:11","guid":{"rendered":"https:\/\/ovp.gov.mk\/perfshihesh\/"},"modified":"2026-03-31T09:35:12","modified_gmt":"2026-03-31T08:35:12","slug":"perfshihesh","status":"publish","type":"page","link":"https:\/\/ovp.gov.mk\/sq\/perfshihesh\/","title":{"rendered":"Perfshihu"},"content":{"rendered":"<p>Marr\u00ebdh\u00ebnia e partneritetit n\u00eb mes Qeveris\u00eb dhe sektorit qytetar \u00ebsht\u00eb thelb\u00ebsore p\u00ebr qeverisje t\u00eb mir\u00eb. P\u00ebrmes p\u00ebrfshirjes dhe pjes\u00ebmarrjes aktive t\u00eb pal\u00ebve t\u00eb prekura, Qeveria ka qasje n\u00eb burime t\u00eb reja t\u00eb ideve, informacione dhe resurse t\u00eb cilat jan\u00eb t\u00eb r\u00ebnd\u00ebsishme n\u00eb procesin e krijimit t\u00eb politikave, miratim t\u00eb vendimeve dhe\u00a0 dor\u00ebzim t\u00eb sh\u00ebrbimeve publike kualitative.<\/p>\n<p>Q\u00ebllimi kryesor i PHQ \u00ebsht\u00eb nd\u00ebrtimi i institucioneve publike t\u00eb cilat do t\u00eb jen\u00eb transparente, do t\u00eb mund\u00ebsojn\u00eb <strong>pjes\u00ebmarrje, <\/strong>do t\u00eb jen\u00eb t\u00eb p\u00ebrgjegjsh\u00ebm dhe do t\u00eb ju p\u00ebrgjigjen nevojave t\u00eb qytetar\u00ebve.<\/p>\n<p>P\u00ebrfitimi m\u00eb i r\u00ebnd\u00ebsish\u00ebm prej k\u00ebsaj iniciative \u00ebsht\u00eb p\u00ebrgjegj\u00ebsia e institucioneve publike gjat\u00eb p\u00ebrgatitjes dhe zbatimit t\u00eb angazhimeve t\u00eb cilat jan\u00eb pjes\u00eb e planeve nacionale\u00a0 t\u00eb veprimit p\u00ebr PHQ q\u00eb ti p\u00ebrfshijn\u00eb organizatat qytetare dhe qytetar\u00ebt dhe t\u00eb bashk\u00ebpunojn\u00eb me ta.<\/p>\n<p>N\u00eb institucionet publike dhe jasht\u00eb tyre ka njer\u00ebz t\u00eb cil\u00ebt me k\u00ebmb\u00ebngulje dhe p\u00ebrkushtim punojn\u00eb p\u00ebr t\u00eb filluar disa reforma t\u00eb caktuara, t\u00eb cilat n\u00ebp\u00ebrmjet proceseve t\u00eb themeluara nuk identifikohen si t\u00eb r\u00ebnd\u00ebsishme dhe nuk munden t\u00eb realizohen.<\/p>\n<p>PHQ ofron mund\u00ebsi q\u00eb entuziast\u00ebt nga institucionet publike dhe jasht\u00eb tyre, t\u00eb punojn\u00eb n\u00eb m\u00ebnyr\u00eb t\u00eb p\u00ebrbashk\u00ebt p\u00ebr zbatimin e ndryshimeve.<\/p>\n<p>Kjo pjes\u00eb e portalit ofron mund\u00ebsi t\u00eb thjesht\u00eb p\u00ebr p\u00ebrfshirje dhe kontribut aktiv p\u00ebr t\u00eb gjith\u00eb ata q\u00eb d\u00ebshirojn\u00eb me p\u00ebrkushtim t\u00eb kontribojn\u00eb n\u00eb ndryshimin e pun\u00ebs n\u00eb sektorin publik dhe t\u00eb vendosin praktika t\u00eb reja t\u00eb cilat kan\u00eb ndikim pozitiv n\u00eb jet\u00ebn e qytetar\u00ebve.<\/p>\n","protected":false},"excerpt":{"rendered":"<p>Marr\u00ebdh\u00ebnia e partneritetit n\u00eb mes Qeveris\u00eb dhe sektorit qytetar \u00ebsht\u00eb thelb\u00ebsore p\u00ebr qeverisje t\u00eb mir\u00eb. P\u00ebrmes p\u00ebrfshirjes dhe pjes\u00ebmarrjes aktive t\u00eb pal\u00ebve t\u00eb prekura, Qeveria ka qasje n\u00eb burime t\u00eb reja t\u00eb ideve, informacione dhe resurse t\u00eb cilat jan\u00eb t\u00eb r\u00ebnd\u00ebsishme n\u00eb procesin e krijimit t\u00eb politikave, miratim t\u00eb vendimeve dhe\u00a0 dor\u00ebzim t\u00eb sh\u00ebrbimeve publike [&hellip;]<\/p>\n","protected":false},"author":12,"featured_media":0,"parent":0,"menu_order":0,"comment_status":"closed","ping_status":"closed","template":"default-view-template-be-included.php","meta":{"_acf_changed":false,"inline_featured_image":false,"footnotes":""},"class_list":["post-800","page","type-page","status-publish","hentry"],"acf":[],"_links":{"self":[{"href":"https:\/\/ovp.gov.mk\/sq\/wp-json\/wp\/v2\/pages\/800"}],"collection":[{"href":"https:\/\/ovp.gov.mk\/sq\/wp-json\/wp\/v2\/pages"}],"about":[{"href":"https:\/\/ovp.gov.mk\/sq\/wp-json\/wp\/v2\/types\/page"}],"author":[{"embeddable":true,"href":"https:\/\/ovp.gov.mk\/sq\/wp-json\/wp\/v2\/users\/12"}],"replies":[{"embeddable":true,"href":"https:\/\/ovp.gov.mk\/sq\/wp-json\/wp\/v2\/comments?post=800"}],"version-history":[{"count":1,"href":"https:\/\/ovp.gov.mk\/sq\/wp-json\/wp\/v2\/pages\/800\/revisions"}],"predecessor-version":[{"id":3118,"href":"https:\/\/ovp.gov.mk\/sq\/wp-json\/wp\/v2\/pages\/800\/revisions\/3118"}],"wp:attachment":[{"href":"https:\/\/ovp.gov.mk\/sq\/wp-json\/wp\/v2\/media?parent=800"}],"curies":[{"name":"wp","href":"https:\/\/api.w.org\/{rel}","templated":true}]}}