{"id":785,"date":"2020-09-23T15:36:45","date_gmt":"2020-09-23T14:36:45","guid":{"rendered":"https:\/\/ovp.gov.mk\/per-ne\/"},"modified":"2020-09-28T17:05:15","modified_gmt":"2020-09-28T17:05:15","slug":"per-ne","status":"publish","type":"page","link":"https:\/\/ovp.gov.mk\/sq\/per-ne\/","title":{"rendered":"Rreth Portalit"},"content":{"rendered":"<p>Ministri i shoq\u00ebris\u00eb informatike dhe administrat\u00ebs, sot e prezantoi portalin e ri p\u00ebr t\u00eb dh\u00ebnat e hapura. N\u00eb debatin publik p\u00ebr p\u00ebrfitimet nga rritja e transparenc\u00ebs n\u00eb institucione u drejtuan ministri i shoq\u00ebris\u00eb informatike dhe administrat\u00ebs Damjan Man\u00e7evski, ambasadorja e Britanis\u00eb s\u00eb madhe, Rej\u00e7el Gallovej, ministri p\u00ebrgjegj\u00ebs p\u00ebr komunikime, transparenc\u00eb dhe llogaridh\u00ebnie Robert Popovski, Neda Maleska nga Qendra p\u00ebr menaxhimin me ndryshime dhe Ljup\u00e7o Vangelovski nga MASIT (dhoma e tregtis\u00eb).<\/p>\n<p>Ambasadorja Galovej, duke ndar\u00eb p\u00ebrvojat personale nga shfryt\u00ebzimi i t\u00eb dh\u00ebnave t\u00eb hapura n\u00eb Britanin\u00eb e Madhe, foli p\u00ebr r\u00ebnd\u00ebsin\u00eb e k\u00ebtij procesi dhe mund\u00ebsit\u00eb t\u00eb cilat dalin pas hapjes s\u00eb t\u00eb dh\u00ebnave.<\/p>\n<p>,,Kur nj\u00eb qeveri publikon shumic\u00ebn e t\u00eb dh\u00ebnave q\u00eb posedon, tregon se nuk i fsheh nga qytetar\u00ebt. Publikimi i t\u00eb dh\u00ebnave \u00ebsht\u00eb nj\u00eb parakusht p\u00ebr t\u00eb pasur nj\u00eb Qeveri ku qytetar\u00ebt kan\u00eb qasje t\u00eb leht\u00eb dhe nga e cila marrin sh\u00ebrbime cil\u00ebsore. Kur qytetar\u00ebt n\u00eb nj\u00eb vend mund t\u00eb gjejn\u00eb informacione p\u00ebr shkollat \u200b\u200bku duan t\u2019i regjistrojn\u00eb f\u00ebmij\u00ebt e tyre dhe se si k\u00ebto shkolla jan\u00eb t\u00eb listuara, apo t\u00eb dh\u00ebna p\u00ebr punonj\u00ebsit e sh\u00ebndet\u00ebsis\u00eb dhe \u00e7mimin e sh\u00ebrbimit q\u00eb ata ofrojn\u00eb, at\u00ebher\u00eb qytetar\u00ebt kan\u00eb informacione t\u00eb mira, se si shpenzohen parat\u00eb e tyre dhe se si sistemi mund t\u00eb jap\u00eb rezultate m\u00eb t\u00eb mira p\u00ebr ta. N\u00ebp\u00ebrmjet k\u00ebsaj qasjeje promovohet kultura e hapjes, ku qytetar\u00ebt jan\u00eb t\u00eb p\u00ebrfshir\u00eb n\u00eb m\u00ebnyr\u00eb aktive dhe mbahet llogari p\u00ebr ta. N\u00eb k\u00ebt\u00eb m\u00ebnyr\u00eb, qytetar\u00ebt i perceptojn\u00eb qeverit\u00eb si t\u00eb efektshme, &#8220;theksoi ambasadorja Gallovej.  <\/p>\n<p>Ministri Popovski iu referua p\u00ebrpjekjeve t\u00eb Qeveris\u00eb p\u00ebr rritjen e hapjes dhe transparenc\u00ebs s\u00eb t\u00eb gjitha institucioneve.<\/p>\n<p>,,P\u00ebr her\u00eb t\u00eb par\u00eb n\u00eb historin\u00eb politike t\u00eb Republik\u00ebs s\u00eb Maqedonis\u00eb, Qeveria, me vet-iniciativ\u00eb, pun\u00ebn e saj e vuri n\u00eb dukje p\u00ebr qytetar\u00ebt. P\u00ebr her\u00eb t\u00eb par\u00eb, publiku ka mund\u00ebsin\u00eb t\u00eb monitoroj\u00eb dhe analizoj\u00eb shpenzimet e fondeve t\u00eb qytetar\u00ebve nga ana e zyrtar\u00ebve qeveritar\u00eb. Por kjo ishte vet\u00ebm nj\u00eb segment. Me hapjen sistematike dhe t\u00eb organizuar t\u00eb t\u00eb dh\u00ebnave, Qeveria e Republik\u00ebs s\u00eb Maqedonis\u00eb synon t\u00eb rris\u00eb efikasitetin e brendsh\u00ebm t\u00eb institucioneve shtet\u00ebrore dhe t\u00eb mund\u00ebsoj\u00eb krijimin e sh\u00ebrbimeve t\u00eb reja, burimeve t\u00eb analiz\u00ebs, p\u00ebrgatitjen e raporteve, krijimin e iniciativave dhe aktiviteteve t\u00eb tjera t\u00eb cilat mund t\u2019i frym\u00ebzojn\u00eb t\u00eb dh\u00ebnat e hapura. Shpalosja proaktive e t\u00eb dh\u00ebnave do t\u2019i zvog\u00ebloj\u00eb k\u00ebrkesat dhe do t\u00eb leht\u00ebsoj\u00eb qasjen deri te informatat me karakter publik. Koncepti i t\u00eb dh\u00ebnave t\u00eb hapura \u00ebsht\u00eb q\u00ebllim i cili frym\u00ebzon, q\u00ebllim i cili na afron me shoq\u00ebrit\u00eb e bazuara n\u00eb njohuri, n\u00eb burime t\u00eb hapura p\u00ebr t\u00eb gjith\u00eb, n\u00eb interes dhe n\u00eb dobi t\u00eb komuniteteve&#8221;, tha ministri Popovski.<\/p>\n<p>Aktualisht n\u00eb portalin e t\u00eb dh\u00ebnave t\u00eb hapura jan\u00eb paraqitur 111 sete t\u00eb t\u00eb dh\u00ebnave nga 42 institucione. Ministri Man\u00e7evski i paraqiti mund\u00ebsit\u00eb teknike t\u00eb cilat i ofron portali, si dhe pjesa e t\u00eb dh\u00ebnave t\u00eb cilat tani m\u00eb jan\u00eb t\u00eb publikuara.<\/p>\n<p>\u201cN\u00ebp\u00ebrmjet portalit t\u00eb t\u00eb dh\u00ebnave t\u00eb hapura duam ta p\u00ebrmir\u00ebsojm\u00eb shp\u00ebrndarjen e sh\u00ebrbimeve dhe efikasitetin e sektorit publik. Ai gjithashtu mund\u00ebson rritjen e pjes\u00ebmarrjes s\u00eb qytetar\u00ebve gjat\u00eb hartmit t\u00eb politikave dhe analiz\u00ebs s\u00eb rezultateve. Me nj\u00eb fjal\u00eb, n\u00ebp\u00ebrmjet portalit t\u00eb t\u00eb dh\u00ebnave t\u00eb hapura bartim transparenc\u00ebn dhe hapjen e institucioneve n\u00eb nj\u00eb nivel m\u00eb t\u00eb lart\u00eb. Hapja e t\u00eb dh\u00ebnave n\u00eb m\u00ebnyr\u00eb t\u00eb drejtp\u00ebrdrejt\u00eb dhe pozitive do t\u00eb ndihmoj\u00eb edhe n\u00eb p\u00ebrpjekjet p\u00ebr t\u00eb luftuar korrupsionin. Gjithashtu, me pak inovacion, jep mund\u00ebsi p\u00ebr hapjen e bizneseve t\u00eb reja\u201c, vuri n\u00eb pah ministri Man\u00e7evski. Si\u00e7 informoi ai, nj\u00eb pjes\u00eb e t\u00eb dh\u00ebnave n\u00eb portal u publikuan p\u00ebr her\u00eb t\u00eb par\u00eb, nj\u00eb pjes\u00eb jan\u00eb t\u00eb publikuara m\u00eb par\u00eb, por tani jan\u00eb t\u00eb disponueshme n\u00eb nj\u00eb vend, t\u00eb sistematizuara edhe n\u00eb format i cili leht\u00eb \u00ebsht\u00eb i kuptuesh\u00ebm, por l\u00eb hap\u00ebsir\u00eb p\u00ebr analiz\u00eb t\u00eb m\u00ebtejshme dhe shfryt\u00ebzim plot\u00ebsues.<\/p>\n<p>\u201cPortali i t\u00eb dh\u00ebnave t\u00eb hapura \u00ebsht\u00eb materie e gjall\u00eb dhe vazhdimisht do t\u00eb rritet numri i institucioneve dhe numri i t\u00eb dh\u00ebnave. Do t\u00eb jet\u00eb proces i cili asnj\u00ebher\u00eb nuk do t\u00eb p\u00ebrfundoj\u00eb. Kjo do t\u00eb thot\u00eb dhe presion shtes\u00eb nga publiku p\u00ebr transparenc\u00eb m\u00eb t\u00eb madhe dhe hapje t\u00eb t\u00eb dh\u00ebnave. Kjo \u00ebsht\u00eb e sh\u00ebndosh\u00eb, do t\u2019i mobilizoj\u00eb institucionet, do ta rris\u00eb nd\u00ebrgjegjen p\u00ebr r\u00ebnd\u00ebsin\u00eb e transparenc\u00ebs tek t\u00eb gjitha institucionet dhe n\u00eb fund do ta b\u00ebj\u00eb pushtetin m\u00eb t\u00eb mir\u00eb. N\u00eb k\u00ebt\u00eb pjes\u00eb, dua t\u00eb potencoj se secili prej jush, thjesht me nj\u00eb regjistrim mund t\u00eb jep v\u00ebrejtje, komente, dhe \u00e7ka \u00ebsht\u00eb m\u00eb me r\u00ebnd\u00ebsi mund t\u00eb k\u00ebrkoj\u00eb t\u00eb publikohen t\u00eb dh\u00ebna, t\u00eb cilat deri at\u00ebhere nuk kan\u00eb qen\u00eb t\u00eb publikuara. Kjo mund\u00ebsi p\u00ebr nd\u00ebrveprim u mund\u00ebson t\u00eb gjith\u00ebve t\u00eb jen\u00eb pjes\u00eb e k\u00ebtij procesi dhe bashk\u00ebrisht ta b\u00ebjm\u00eb k\u00ebt\u00eb portal nj\u00eb mjet nga i cili t\u00eb gjith\u00eb do t\u00eb kemi p\u00ebrfitime\u201d, p\u00ebrfundoi ministri Man\u00e7evski.<\/p>\n<p>N\u00eb fjalimin e saj Neda Maleska, nga QMN-ja, potencoi dimensionin lokal t\u00eb portalit t\u00eb t\u00eb dh\u00ebnave t\u00eb hapura, si dhe p\u00ebrfitimet p\u00ebr organizatat qytetare.<\/p>\n<p>,,Krahas rritjes s\u00eb transparenc\u00ebs, me portalin e t\u00eb dh\u00ebnave t\u00eb hapura rritet dhe njohuria. Kjo \u00ebsht\u00eb me r\u00ebnd\u00ebsi t\u00eb ve\u00e7ant\u00eb gjat\u00eb zhvillimit t\u00eb bizneseve t\u00eb reja, por edhe gjat\u00eb analizave t\u00eb organizatave qytetare. N\u00eb k\u00ebt\u00eb m\u00ebnyr\u00eb rritet dhe presioni ndaj pun\u00ebs s\u00eb institucioneve dhe me k\u00ebt\u00eb hartohen dhe politika m\u00eb t\u00eb mira. T\u00eb dh\u00ebnat t\u00eb cilat i krijojn\u00eb bashk\u00ebsit\u00eb lokale dhe publikimi tyre do t\u00eb kontribuojn\u00eb edhe drejt rritjes s\u00eb zhvillimit lokal\u201d, &#8211; tha ministrja Maleska, duke ndar\u00eb p\u00ebrvojat e saj edhe nga Britania e Madhe dhe nga komunat n\u00eb Maqedoni.<\/p>\n<p>Nj\u00eb nga p\u00ebrfitimet kryesore nga t\u00eb dh\u00ebnat e hapura \u00ebsht\u00eb hapja e bizneseve t\u00eb reja dhe zhvillimit t\u00eb sip\u00ebrmarr\u00ebsis\u00eb. Rreth k\u00ebtyre aspekteve t\u00eb procesit, foli Ljup\u00e7o Vangelski nga MASIT.<\/p>\n<p>,,Teknologjit\u00eb e reja dhe t\u00eb dh\u00ebnat e ndryshojn\u00eb jetes\u00ebn e p\u00ebrditshme. Ato jan\u00eb baz\u00eb e zhvillimit. K\u00ebtu dua t\u00eb potencoj se m\u00ebnyra n\u00eb t\u00eb cil\u00ebn jan\u00eb t\u00eb publikuara t\u00eb dh\u00ebnat \u00ebsht\u00eb shum\u00eb i r\u00ebnd\u00ebsish\u00ebm dhe mund\u00ebson p\u00ebrpunimin e m\u00ebtejsh\u00ebm. Gjithashtu, p\u00ebrdit\u00ebsimi i t\u00eb dh\u00ebnave p\u00ebr ne si biznese \u00ebsht\u00eb shum\u00eb i r\u00ebnd\u00ebsish\u00ebm. Portali i t\u00eb dh\u00ebnave t\u00eb hapura l\u00eb hap\u00ebsir\u00eb t\u00eb madhe p\u00ebr zhvillimin e bizneseve t\u00eb reja dhe at\u00eb do ta arrijm\u00eb me bashk\u00ebpunimin e p\u00ebrbashk\u00ebt n\u00eb periudh\u00ebn e ardhshme\u201d, theksoi Vangelski.<\/p>\n<p>Strategjia dhe portali i t\u00eb dh\u00ebnave t\u00eb hapura jan\u00eb t\u00eb p\u00ebrgatitura n\u00eb kuad\u00ebr t\u00eb projektit ,,Mb\u00ebshtetja e procesit t\u00eb reformave n\u00eb administrat\u00ebn publike\u201d, implementuar nga Qendra p\u00ebr menaxhim, financuar nga Qeveria e Mbret\u00ebris\u00eb s\u00eb Bashkuar, mb\u00ebshtetur nga Ambasada britaneze n\u00eb Shkup.<\/p>\n","protected":false},"excerpt":{"rendered":"<p>Ministri i shoq\u00ebris\u00eb informatike dhe administrat\u00ebs, sot e prezantoi portalin e ri p\u00ebr t\u00eb dh\u00ebnat e hapura. N\u00eb debatin publik p\u00ebr p\u00ebrfitimet nga rritja e transparenc\u00ebs n\u00eb institucione u drejtuan ministri i shoq\u00ebris\u00eb informatike dhe administrat\u00ebs Damjan Man\u00e7evski, ambasadorja e Britanis\u00eb s\u00eb madhe, Rej\u00e7el Gallovej, ministri p\u00ebrgjegj\u00ebs p\u00ebr komunikime, transparenc\u00eb dhe llogaridh\u00ebnie Robert Popovski, Neda [&hellip;]<\/p>\n","protected":false},"author":12,"featured_media":0,"parent":0,"menu_order":0,"comment_status":"closed","ping_status":"closed","template":"","meta":{"_acf_changed":false,"inline_featured_image":false,"footnotes":""},"class_list":["post-785","page","type-page","status-publish","hentry"],"acf":[],"_links":{"self":[{"href":"https:\/\/ovp.gov.mk\/sq\/wp-json\/wp\/v2\/pages\/785"}],"collection":[{"href":"https:\/\/ovp.gov.mk\/sq\/wp-json\/wp\/v2\/pages"}],"about":[{"href":"https:\/\/ovp.gov.mk\/sq\/wp-json\/wp\/v2\/types\/page"}],"author":[{"embeddable":true,"href":"https:\/\/ovp.gov.mk\/sq\/wp-json\/wp\/v2\/users\/12"}],"replies":[{"embeddable":true,"href":"https:\/\/ovp.gov.mk\/sq\/wp-json\/wp\/v2\/comments?post=785"}],"version-history":[{"count":2,"href":"https:\/\/ovp.gov.mk\/sq\/wp-json\/wp\/v2\/pages\/785\/revisions"}],"predecessor-version":[{"id":1034,"href":"https:\/\/ovp.gov.mk\/sq\/wp-json\/wp\/v2\/pages\/785\/revisions\/1034"}],"wp:attachment":[{"href":"https:\/\/ovp.gov.mk\/sq\/wp-json\/wp\/v2\/media?parent=785"}],"curies":[{"name":"wp","href":"https:\/\/api.w.org\/{rel}","templated":true}]}}