{"id":761,"date":"2020-09-25T22:16:17","date_gmt":"2020-09-25T21:16:17","guid":{"rendered":"https:\/\/ovp.gov.mk\/partneriteti-i-qeverise-se-hapur\/blog\/"},"modified":"2026-03-31T09:25:16","modified_gmt":"2026-03-31T08:25:16","slug":"blog","status":"publish","type":"page","link":"https:\/\/ovp.gov.mk\/sq\/partneriteti-i-qeverise-se-hapur\/blog\/","title":{"rendered":"Blog"},"content":{"rendered":"\n<div class=\"wp-block-group section-v2 section-v2-news\"><div class=\"wp-block-group__inner-container is-layout-constrained wp-block-group-is-layout-constrained\">\n<div class=\"wp-block-group container-v2\"><div class=\"wp-block-group__inner-container is-layout-constrained wp-block-group-is-layout-constrained\">\n<div class=\"title-news\">\n    <div class=\"row mb-4\">\n                    <div class=\"col-md-4\">\n                <div class=\"blog-categories-thumbnails card h-100 border-0\">\n                    <a href=\"https:\/\/ovp.gov.mk\/sq\/blog_categories\/artikuj-te-jashtem-per-phq\/\"\n                       title=\"Artikuj t\u00eb jasht\u00ebm p\u00ebr PHQ\">\n                        <img decoding=\"async\" class=\"news-featured card-img-top\"\n                             src=\"https:\/\/ovp.gov.mk\/wp-content\/themes\/ovp_v2\/assets\/img\/ogp-logo.png\"\n                             title=\"Artikuj t\u00eb jasht\u00ebm p\u00ebr PHQ\"\n                             alt=\"Artikuj t\u00eb jasht\u00ebm p\u00ebr PHQ\">\n                    <\/a>\n                    <h5 class=\"text-center mt-3\">\n                        <a href=\"https:\/\/ovp.gov.mk\/sq\/blog_categories\/artikuj-te-jashtem-per-phq\/\"\n                           title=\"Artikuj t\u00eb jasht\u00ebm p\u00ebr PHQ\">\n                            Artikuj t\u00eb jasht\u00ebm p\u00ebr PHQ                        <\/a>\n                    <\/h5>\n                    <div class=\" news-desc\"><\/div>\n                <\/div>\n            <\/div>\n\n            <\/div>\n<\/div>\n\n\n\n\n\n\n<\/div><\/div>\n<\/div><\/div>\n","protected":false},"excerpt":{"rendered":"","protected":false},"author":12,"featured_media":0,"parent":723,"menu_order":0,"comment_status":"closed","ping_status":"closed","template":"template-gutenberg-v2.php","meta":{"_acf_changed":false,"inline_featured_image":false,"footnotes":""},"class_list":["post-761","page","type-page","status-publish","hentry"],"acf":[],"_links":{"self":[{"href":"https:\/\/ovp.gov.mk\/sq\/wp-json\/wp\/v2\/pages\/761"}],"collection":[{"href":"https:\/\/ovp.gov.mk\/sq\/wp-json\/wp\/v2\/pages"}],"about":[{"href":"https:\/\/ovp.gov.mk\/sq\/wp-json\/wp\/v2\/types\/page"}],"author":[{"embeddable":true,"href":"https:\/\/ovp.gov.mk\/sq\/wp-json\/wp\/v2\/users\/12"}],"replies":[{"embeddable":true,"href":"https:\/\/ovp.gov.mk\/sq\/wp-json\/wp\/v2\/comments?post=761"}],"version-history":[{"count":1,"href":"https:\/\/ovp.gov.mk\/sq\/wp-json\/wp\/v2\/pages\/761\/revisions"}],"predecessor-version":[{"id":8627,"href":"https:\/\/ovp.gov.mk\/sq\/wp-json\/wp\/v2\/pages\/761\/revisions\/8627"}],"up":[{"embeddable":true,"href":"https:\/\/ovp.gov.mk\/sq\/wp-json\/wp\/v2\/pages\/723"}],"wp:attachment":[{"href":"https:\/\/ovp.gov.mk\/sq\/wp-json\/wp\/v2\/media?parent=761"}],"curies":[{"name":"wp","href":"https:\/\/api.w.org\/{rel}","templated":true}]}}