{"id":723,"date":"2020-09-25T11:18:23","date_gmt":"2020-09-25T10:18:23","guid":{"rendered":"https:\/\/ovp.gov.mk\/partneriteti-i-qeverise-se-hapur\/"},"modified":"2026-03-31T09:21:34","modified_gmt":"2026-03-31T08:21:34","slug":"partneriteti-i-qeverise-se-hapur","status":"publish","type":"page","link":"https:\/\/ovp.gov.mk\/sq\/partneriteti-i-qeverise-se-hapur\/","title":{"rendered":"Partneritet i Hapur Qeveritar"},"content":{"rendered":"\n<div class=\"wp-block-group section-v2\"><div class=\"wp-block-group__inner-container is-layout-constrained wp-block-group-is-layout-constrained\">\n<div class=\"wp-block-group container-v2\"><div class=\"wp-block-group__inner-container is-layout-constrained wp-block-group-is-layout-constrained\">\n<h1 class=\"wp-block-heading mb-4\">Partneritet i Hapur Qeveritar<\/h1>\n\n\n\n<p>Partneriteti i Hapur Qeveritar (PHQ) \u00ebsht\u00eb iniciativ\u00eb vullnetare nd\u00ebrkomb\u00ebtare e filluar nga tet\u00eb shtete (Brazil, Indonezi, Meksik\u00eb, Norvegji, Filipine, Afrika e Jugut, Mbret\u00ebria e Bashkuar dhe SHBA) n\u00eb vitin 2011.<\/p>\n\n\n\n<p><strong>Republika e Maqedonis\u00eb s\u00eb Veriut menj\u00ebher\u00eb pas fillimit t\u00eb saj u b\u00eb pjes\u00eb e k\u00ebsaj iniciative globale n\u00eb kornizat e s\u00eb cil\u00ebs Qeverit\u00eb dhe organizatat qytetare jan\u00eb t\u00eb p\u00ebrkushtuara ndaj Qeverive q\u00eb jan\u00eb m\u00eb t\u00eb hapura dhe m\u00eb t\u00eb p\u00ebrgjegjshme ndaj qytetar\u00ebve.<\/strong><\/p>\n\n\n\n<p><strong>Sot n\u00eb k\u00ebt\u00eb iniciativ\u00eb marrin pjes\u00eb\u00a0 78 shtete an\u00ebtare dhe nj\u00eb num\u00ebr i madh i organizatave qytetare.<\/strong><\/p>\n\n\n\n<p>Me bashkimin n\u00eb k\u00ebt\u00eb iniciativ\u00eb, Qeveria e RMV n\u00ebnshkroi\u00a0 Deklarat\u00eb p\u00ebrmes s\u00eb cil\u00ebs u zotua bashk\u00eb me organizatat qytetare dhe qytetar\u00ebt q\u00eb t\u00eb pakt\u00ebn n\u00eb periudhe dyvje\u00e7are t\u00eb p\u00ebrgatis\u00eb dhe zbaton angazime konkrete p\u00ebr promovim t\u00eb transparenc\u00ebs, mb\u00ebshtetje t\u00eb pjes\u00ebmarrjes qytetare, luft\u00eb kund\u00ebr korrupsionit dhe shfryt\u00ebzim t\u00eb teknologjive t\u00eb reja n\u00eb administrat\u00ebn publike dhe jasht\u00eb saj p\u00ebr mb\u00ebshtetje t\u00eb inovacioneve, dhe k\u00ebshtu me rradh\u00eb.<\/p>\n\n\n\n<p>P\u00ebrve\u00e7 procesit t\u00eb PHQ nga ekzekutivi, n\u00eb vendin ton\u00eb\u00a0 zbatohen procese t\u00eb njejta edhe nga ana legjistlative (Parlamenti i Hapur) dhe pushteti gjyq\u00ebsor (Gjyq\u00ebsori i Hapur).<\/p>\n\n\n\n<p>Q\u00ebllimi kryesor i PHQ \u00ebsht\u00eb t\u00eb siguroj\u00eb\u00a0 angazhime konkrete nga qeverit\u00eb p\u00ebr t\u00eb promovuar transparenc\u00eb, mb\u00ebshtetje t\u00eb pjes\u00ebmarrjes qytetare, luft\u00eb kund\u00ebr korrupsionit dhe shfryt\u00ebzim t\u00eb teknologjive t\u00eb reja n\u00eb administrat\u00ebn publike dhe jasht\u00eb saj p\u00ebr mb\u00ebshtetje t\u00eb inovacioneve.<\/p>\n\n\n\n<p>Forca l\u00ebviz\u00ebse e PHQ \u00ebsht\u00eb dh\u00ebnia e r\u00ebnd\u00ebsis\u00eb par\u00ebsore qytetar\u00ebve. Respektivisht, \u201e<em>QYTETAR\u00cbT JAN\u00cb ATA Q\u00cb DUHET TI KRIJOJN\u00cb\u00a0 POLITIKAT DHE SH\u00cbRBIMET T\u00cb CILAT NDIKOJN\u00cb N\u00cb JET\u00cbN E TYRE.<\/em>\u201d<\/p>\n<\/div><\/div>\n<\/div><\/div>\n","protected":false},"excerpt":{"rendered":"<p>Partneritet i Hapur Qeveritar Partneriteti i Hapur Qeveritar (PHQ) \u00ebsht\u00eb iniciativ\u00eb vullnetare nd\u00ebrkomb\u00ebtare e filluar nga tet\u00eb shtete (Brazil, Indonezi, Meksik\u00eb, Norvegji, Filipine, Afrika e Jugut, Mbret\u00ebria e Bashkuar dhe SHBA) n\u00eb vitin 2011. Republika e Maqedonis\u00eb s\u00eb Veriut menj\u00ebher\u00eb pas fillimit t\u00eb saj u b\u00eb pjes\u00eb e k\u00ebsaj iniciative globale n\u00eb kornizat e s\u00eb [&hellip;]<\/p>\n","protected":false},"author":12,"featured_media":0,"parent":0,"menu_order":0,"comment_status":"closed","ping_status":"closed","template":"template-gutenberg-v2.php","meta":{"_acf_changed":false,"inline_featured_image":false,"footnotes":""},"class_list":["post-723","page","type-page","status-publish","hentry"],"acf":[],"_links":{"self":[{"href":"https:\/\/ovp.gov.mk\/sq\/wp-json\/wp\/v2\/pages\/723"}],"collection":[{"href":"https:\/\/ovp.gov.mk\/sq\/wp-json\/wp\/v2\/pages"}],"about":[{"href":"https:\/\/ovp.gov.mk\/sq\/wp-json\/wp\/v2\/types\/page"}],"author":[{"embeddable":true,"href":"https:\/\/ovp.gov.mk\/sq\/wp-json\/wp\/v2\/users\/12"}],"replies":[{"embeddable":true,"href":"https:\/\/ovp.gov.mk\/sq\/wp-json\/wp\/v2\/comments?post=723"}],"version-history":[{"count":7,"href":"https:\/\/ovp.gov.mk\/sq\/wp-json\/wp\/v2\/pages\/723\/revisions"}],"predecessor-version":[{"id":8622,"href":"https:\/\/ovp.gov.mk\/sq\/wp-json\/wp\/v2\/pages\/723\/revisions\/8622"}],"wp:attachment":[{"href":"https:\/\/ovp.gov.mk\/sq\/wp-json\/wp\/v2\/media?parent=723"}],"curies":[{"name":"wp","href":"https:\/\/api.w.org\/{rel}","templated":true}]}}